{"id":1453,"date":"2023-06-15T16:54:25","date_gmt":"2023-06-15T16:54:25","guid":{"rendered":"https:\/\/www.heiconsortium.it\/?page_id=1453"},"modified":"2023-06-15T17:01:27","modified_gmt":"2023-06-15T17:01:27","slug":"finland","status":"publish","type":"page","link":"https:\/\/www.heiconsortium.it\/it\/finland\/","title":{"rendered":"Finlandia"},"content":{"rendered":"<div data-elementor-type=\"wp-page\" data-elementor-id=\"1453\" class=\"elementor elementor-1453\" data-elementor-post-type=\"page\">\n\t\t\t\t\t\t<section class=\"elementor-section elementor-top-section elementor-element elementor-element-4b59e4f elementor-section-boxed elementor-section-height-default elementor-section-height-default exad-glass-effect-no exad-sticky-section-no\" data-id=\"4b59e4f\" data-element_type=\"section\" data-e-type=\"section\">\n\t\t\t\t\t\t<div class=\"elementor-container elementor-column-gap-no\">\n\t\t\t\t\t<div class=\"elementor-column elementor-col-100 elementor-top-column elementor-element elementor-element-3e79fe3 exad-glass-effect-no exad-sticky-section-no\" data-id=\"3e79fe3\" data-element_type=\"column\" data-e-type=\"column\" data-settings=\"{&quot;background_background&quot;:&quot;classic&quot;}\">\n\t\t\t<div class=\"elementor-widget-wrap elementor-element-populated\">\n\t\t\t\t\t\t<div class=\"elementor-element elementor-element-3979b49 exad-sticky-section-no exad-glass-effect-no elementor-invisible elementor-widget elementor-widget-heading\" data-id=\"3979b49\" data-element_type=\"widget\" data-e-type=\"widget\" data-settings=\"{&quot;_animation&quot;:&quot;fadeInLeft&quot;}\" data-widget_type=\"heading.default\">\n\t\t\t\t<div class=\"elementor-widget-container\">\n\t\t\t\t\t<h2 class=\"elementor-heading-title elementor-size-default\">Finlandia<\/h2>\t\t\t\t<\/div>\n\t\t\t\t<\/div>\n\t\t\t\t\t<\/div>\n\t\t<\/div>\n\t\t\t\t\t<\/div>\n\t\t<\/section>\n\t\t<div class=\"elementor-element elementor-element-ae7f7cf e-flex e-con-boxed e-con e-parent\" data-id=\"ae7f7cf\" data-element_type=\"container\" data-e-type=\"container\">\n\t\t\t\t\t<div class=\"e-con-inner\">\n\t\t\t\t<div class=\"elementor-element elementor-element-16da9c8 exad-sticky-section-no exad-glass-effect-no elementor-widget elementor-widget-spacer\" data-id=\"16da9c8\" data-element_type=\"widget\" data-e-type=\"widget\" data-widget_type=\"spacer.default\">\n\t\t\t\t<div class=\"elementor-widget-container\">\n\t\t\t\t\t\t\t<div class=\"elementor-spacer\">\n\t\t\t<div class=\"elementor-spacer-inner\"><\/div>\n\t\t<\/div>\n\t\t\t\t\t\t<\/div>\n\t\t\t\t<\/div>\n\t\t\t\t\t<\/div>\n\t\t\t\t<\/div>\n\t\t<div class=\"elementor-element elementor-element-efad892 e-con-full e-flex elementor-invisible e-con e-parent\" data-id=\"efad892\" data-element_type=\"container\" data-e-type=\"container\" data-settings=\"{&quot;animation&quot;:&quot;fadeInLeft&quot;}\">\n\t\t<div class=\"elementor-element elementor-element-f94cc06 e-con-full e-flex e-con e-parent\" data-id=\"f94cc06\" data-element_type=\"container\" data-e-type=\"container\">\n\t\t\t\t<div class=\"elementor-element elementor-element-c0cb8ae exad-sticky-section-no exad-glass-effect-no elementor-widget elementor-widget-spacer\" data-id=\"c0cb8ae\" data-element_type=\"widget\" data-e-type=\"widget\" data-widget_type=\"spacer.default\">\n\t\t\t\t<div class=\"elementor-widget-container\">\n\t\t\t\t\t\t\t<div class=\"elementor-spacer\">\n\t\t\t<div class=\"elementor-spacer-inner\"><\/div>\n\t\t<\/div>\n\t\t\t\t\t\t<\/div>\n\t\t\t\t<\/div>\n\t\t\t\t<div class=\"elementor-element elementor-element-b11da23 exad-sticky-section-no exad-glass-effect-no elementor-widget elementor-widget-image\" data-id=\"b11da23\" data-element_type=\"widget\" data-e-type=\"widget\" data-widget_type=\"image.default\">\n\t\t\t\t<div class=\"elementor-widget-container\">\n\t\t\t\t\t\t\t\t\t\t\t\t\t\t\t\t<a href=\"https:\/\/aktiivinen.fi\/\" target=\"_blank\">\n\t\t\t\t\t\t\t<img fetchpriority=\"high\" decoding=\"async\" width=\"443\" height=\"114\" src=\"https:\/\/www.heiconsortium.it\/wp-content\/uploads\/2023\/06\/indir-1.png\" class=\"elementor-animation-grow attachment-large size-large wp-image-1455\" alt=\"\" srcset=\"https:\/\/www.heiconsortium.it\/wp-content\/uploads\/2023\/06\/indir-1.png 443w, https:\/\/www.heiconsortium.it\/wp-content\/uploads\/2023\/06\/indir-1-300x77.png 300w, https:\/\/www.heiconsortium.it\/wp-content\/uploads\/2023\/06\/indir-1-18x5.png 18w\" sizes=\"(max-width: 443px) 100vw, 443px\" \/>\t\t\t\t\t\t\t\t<\/a>\n\t\t\t\t\t\t\t\t\t\t\t\t\t\t\t<\/div>\n\t\t\t\t<\/div>\n\t\t\t\t<div class=\"elementor-element elementor-element-8963e9e exad-sticky-section-no exad-glass-effect-no elementor-widget elementor-widget-text-editor\" data-id=\"8963e9e\" data-element_type=\"widget\" data-e-type=\"widget\" data-widget_type=\"text-editor.default\">\n\t\t\t\t<div class=\"elementor-widget-container\">\n\t\t\t\t\t\t\t\t\t<p>Siamo un'associazione di sviluppo con funzioni di autorit\u00e0. Forniamo finanziamenti per diverse iniziative progettuali e la nostra organizzazione ospita anche il punto informativo Europe Direct. Lavoriamo con diversi tipi di progetti per lo sviluppo di due subregioni, citt\u00e0 e comuni.<\/p>\t\t\t\t\t\t\t\t<\/div>\n\t\t\t\t<\/div>\n\t\t\t\t<div class=\"elementor-element elementor-element-0b0e2e0 exad-sticky-section-no exad-glass-effect-no elementor-widget elementor-widget-toggle\" data-id=\"0b0e2e0\" data-element_type=\"widget\" data-e-type=\"widget\" data-widget_type=\"toggle.default\">\n\t\t\t\t<div class=\"elementor-widget-container\">\n\t\t\t\t\t\t\t<div class=\"elementor-toggle\">\n\t\t\t\t\t\t\t<div class=\"elementor-toggle-item\">\n\t\t\t\t\t<div id=\"elementor-tab-title-1151\" class=\"elementor-tab-title\" data-tab=\"1\" role=\"button\" aria-controls=\"elementor-tab-content-1151\" aria-expanded=\"false\">\n\t\t\t\t\t\t\t\t\t\t\t\t<span class=\"elementor-toggle-icon elementor-toggle-icon-left\" aria-hidden=\"true\">\n\t\t\t\t\t\t\t\t\t\t\t\t\t\t\t<span class=\"elementor-toggle-icon-closed\"><i class=\"fas fa-caret-right\"><\/i><\/span>\n\t\t\t\t\t\t\t\t<span class=\"elementor-toggle-icon-opened\"><i class=\"elementor-toggle-icon-opened fas fa-caret-up\"><\/i><\/span>\n\t\t\t\t\t\t\t\t\t\t\t\t\t<\/span>\n\t\t\t\t\t\t\t\t\t\t\t\t<a class=\"elementor-toggle-title\" tabindex=\"0\">Maggiori informazioni sui dettagli<\/a>\n\t\t\t\t\t<\/div>\n\n\t\t\t\t\t<div id=\"elementor-tab-content-1151\" class=\"elementor-tab-content elementor-clearfix\" data-tab=\"1\" role=\"region\" aria-labelledby=\"elementor-tab-title-1151\"><h3><strong>Numero PIC<\/strong><\/h3><p>919216815<\/p><h3><strong><b>Luoghi di lavoro<\/b><\/strong><\/h3><p>Regione di Satakunta (principalmente la citt\u00e0 di Kankaanp\u00e4\u00e4 e\/o i comuni circostanti)<\/p><h3><strong><b>Campo(i) di tirocinio<\/b><\/strong><\/h3><p>Lavoro di addetto all'informazione relativo all'Unione europea<\/p><h3><strong><b>Sito web<\/b><\/strong><\/h3><p><a href=\"http:\/\/www.aktiivinen.fi\">www.aktiivinen.fi<\/a><\/p><h3><strong><b>Compiti dettagliati del tirocinante<\/b><\/strong><\/h3><p>A seconda del settore di formazione dei tirocinanti. Collaboriamo anche con i comuni e quindi possiamo gestire anche formazioni come l'insegnamento o le attivit\u00e0 sportive, la gestione di eventi, il lavoro con i giovani ecc. o altri tipi di lavoro.<\/p><p>Nel nostro ufficio assumiamo regolarmente tirocinanti per aiutarci a svolgere compiti amministrativi, a realizzare piccoli sondaggi o contatti internazionali, a tradurre (testi se il tirocinante \u00e8 in grado). Relazioni sui social media, scrittura di blog,<\/p><h3><strong><b>Capacit\u00e0 e competenze richieste<\/b><\/strong><\/h3><ul><li>Buon livello di inglese e capacit\u00e0 di lavorare con i social media. Buone competenze sociali. Capacit\u00e0 linguistiche in generale.<\/li><li>Il lavoro non \u00e8 necessariamente simile ogni giorno, quindi \u00e8 necessario adattarsi.<\/li><\/ul><h3><strong><b>Risultati di apprendimento attesi<\/b><\/strong><\/h3><ul><li>La competenza di elaborare, gestire e implementare progetti nel campo della strategia organizzativa.<\/li><li>L'ideazione di proposte progettuali creative e innovative, l'elaborazione di progetti, l'organizzazione e la gestione degli stessi al fine di raggiungere l'obiettivo prefissato, coinvolgendo anche le competenze informatiche del candidato.<\/li><li>Capacit\u00e0 di scrittura di progetti e conoscenze di marketing. Esperienza in ambiente europeo - settore progetti, comunicazione e networking.<\/li><li>Capacit\u00e0 e competenze relative alla gestione dei progetti europei, al funzionamento delle istituzioni europee, alla comunicazione, alla progettazione di pagine web e alla grafica digitale.<\/li><\/ul><\/div>\n\t\t\t\t<\/div>\n\t\t\t\t\t\t\t\t<\/div>\n\t\t\t\t\t\t<\/div>\n\t\t\t\t<\/div>\n\t\t\t\t<\/div>\n\t\t\t\t<\/div>\n\t\t<div class=\"elementor-element elementor-element-8ec9573 e-flex e-con-boxed e-con e-parent\" data-id=\"8ec9573\" data-element_type=\"container\" data-e-type=\"container\">\n\t\t\t\t\t<div class=\"e-con-inner\">\n\t\t\t\t<div class=\"elementor-element elementor-element-1a3cf44 exad-sticky-section-no exad-glass-effect-no elementor-widget elementor-widget-spacer\" data-id=\"1a3cf44\" data-element_type=\"widget\" data-e-type=\"widget\" data-widget_type=\"spacer.default\">\n\t\t\t\t<div class=\"elementor-widget-container\">\n\t\t\t\t\t\t\t<div class=\"elementor-spacer\">\n\t\t\t<div class=\"elementor-spacer-inner\"><\/div>\n\t\t<\/div>\n\t\t\t\t\t\t<\/div>\n\t\t\t\t<\/div>\n\t\t\t\t\t<\/div>\n\t\t\t\t<\/div>\n\t\t\t\t<\/div>","protected":false},"excerpt":{"rendered":"<p>Finlandia Siamo un'associazione di sviluppo con funzioni di autorit\u00e0. Forniamo finanziamenti per diverse iniziative progettuali e la nostra organizzazione ospita anche il punto informativo Europe Direct....<\/p>","protected":false},"author":1,"featured_media":0,"parent":0,"menu_order":0,"comment_status":"closed","ping_status":"closed","template":"","meta":{"footnotes":""},"class_list":["post-1453","page","type-page","status-publish","hentry"],"_links":{"self":[{"href":"https:\/\/www.heiconsortium.it\/it\/wp-json\/wp\/v2\/pages\/1453","targetHints":{"allow":["GET"]}}],"collection":[{"href":"https:\/\/www.heiconsortium.it\/it\/wp-json\/wp\/v2\/pages"}],"about":[{"href":"https:\/\/www.heiconsortium.it\/it\/wp-json\/wp\/v2\/types\/page"}],"author":[{"embeddable":true,"href":"https:\/\/www.heiconsortium.it\/it\/wp-json\/wp\/v2\/users\/1"}],"replies":[{"embeddable":true,"href":"https:\/\/www.heiconsortium.it\/it\/wp-json\/wp\/v2\/comments?post=1453"}],"version-history":[{"count":7,"href":"https:\/\/www.heiconsortium.it\/it\/wp-json\/wp\/v2\/pages\/1453\/revisions"}],"predecessor-version":[{"id":1462,"href":"https:\/\/www.heiconsortium.it\/it\/wp-json\/wp\/v2\/pages\/1453\/revisions\/1462"}],"wp:attachment":[{"href":"https:\/\/www.heiconsortium.it\/it\/wp-json\/wp\/v2\/media?parent=1453"}],"curies":[{"name":"wp","href":"https:\/\/api.w.org\/{rel}","templated":true}]}}